{"id":10,"date":"2019-05-31T21:11:28","date_gmt":"2019-05-31T19:11:28","guid":{"rendered":"https:\/\/wp.learn2speak.es\/?page_id=10"},"modified":"2024-10-01T07:42:14","modified_gmt":"2024-10-01T05:42:14","slug":"contacto","status":"publish","type":"page","link":"https:\/\/wp.learn2speak.es\/?page_id=10","title":{"rendered":"Contacto"},"content":{"rendered":"\n<figure class=\"wp-block-table alignleft is-style-stripes\"><table><tbody><tr><td class=\"has-text-align-left\" data-align=\"left\"><\/td><td class=\"has-text-align-center\" data-align=\"center\"><strong>C\/ Manuel Antonio Barreiro Barbeito N\u00ba 1&nbsp;<\/strong><br><strong>15145 Laracha<\/strong><br><strong>&nbsp;Tel\u00e9fonos : 664 229 808 \/ 630 721 510<\/strong><br><strong>e-mail:<a href=\"mailto:info@learn2speak.es\">info@learn2speak.es<\/a><\/strong><\/td><\/tr><\/tbody><\/table><\/figure>\n\n\n\n<iframe loading=\"lazy\" src=\"https:\/\/www.google.com\/maps\/embed?pb=!1m14!1m8!1m3!1d11624.565953728705!2d-8.5807286!3d43.2484564!3m2!1i1024!2i768!4f13.1!3m3!1m2!1s0x0%3A0x1ffa7bea0f7c41da!2sLearn2Speak!5e0!3m2!1ses!2ses!4v1560836706489!5m2!1ses!2ses\" width=\"600\" height=\"450\" frameborder=\"0\" style=\"border:0\" allowfullscreen=\"\"><\/iframe>\n\n\n\n<h2 class=\"wp-block-heading\"><\/h2>\n\n\n\n<p class=\"has-small-font-size\"><strong>La identidad del responsable que trata sus datos personales es:<\/strong><\/p>\n\n\n\n<p class=\"has-small-font-size\">MARTIN MARTINEZ, SHARON , con NIF 58057789Q, direcci\u00f3n Calle Manuel Antonio Barbeito 1 Bajo Laracha y email info@learn2speak.es .<\/p>\n\n\n\n<p class=\"has-small-font-size\"><strong>Tratamos sus datos registrados con las siguientes finalidades:<\/strong><\/p>\n\n\n\n<ul class=\"wp-block-list\">\n<li class=\"has-small-font-size\">Gesti\u00f3n de las peticiones de informaci\u00f3n recibidas por el interesado sobre nuestros productos o servicios y para realizar campa\u00f1as publicitarias.<\/li>\n<\/ul>\n\n\n\n<p class=\"has-small-font-size\"><strong>La legitimaci\u00f3n para tratar sus datos es:<\/strong><\/p>\n\n\n\n<ul class=\"wp-block-list\">\n<li class=\"has-small-font-size\">El inter\u00e9s leg\u00edtimo del responsable para contestar su solicitud.<\/li>\n\n\n\n<li class=\"has-small-font-size\">Su consentimiento expreso para enviarle publicidad de nuestros servicios y\/o productos (<em>siempre que d\u00e9 su consentimiento expreso en el apartado inferior<\/em>).<\/li>\n<\/ul>\n\n\n\n<p class=\"has-small-font-size\"><strong>\u00bfQu\u00e9 derechos puede ejercer cuando nos facilita sus datos?<\/strong><\/p>\n\n\n\n<ul class=\"wp-block-list\">\n<li class=\"has-small-font-size\">Usted puede ejercer los derechos de acceso, rectificaci\u00f3n, supresi\u00f3n, portabilidad, limitaci\u00f3n, oposici\u00f3n al tratamiento y oposici\u00f3n a la toma de decisiones automatizadas, as\u00ed como interponer reclamaciones ante la autoridad de control.<\/li>\n<\/ul>\n\n\n\n<p class=\"has-small-font-size\">Puede consultar toda la informaci\u00f3n detallada en nuestra <a href=\"https:\/\/www.gruposmz.es\/eipd\/empresa\/ficheros\/583276\/Confidenciales\/%5CAvisoLegal.pdf\">pol\u00edtica de privacidad<\/a> o enviando un e-mail a la direcci\u00f3n arriba indicada.<\/p>\n\n\n\n<p><\/p>\n","protected":false},"excerpt":{"rendered":"<p>C\/ Manuel Antonio Barreiro Barbeito N\u00ba 1&nbsp;15145 Laracha&nbsp;Tel\u00e9fonos : 664 229 808 \/ 630 721 510e-mail:info@learn2speak.es La identidad del responsable que trata sus datos personales es: MARTIN MARTINEZ, SHARON , con NIF 58057789Q, direcci\u00f3n Calle Manuel Antonio Barbeito 1 Bajo Laracha y email info@learn2speak.es . Tratamos sus datos registrados con las siguientes finalidades: La legitimaci\u00f3n [&hellip;]<\/p>\n","protected":false},"author":1,"featured_media":5,"parent":0,"menu_order":0,"comment_status":"closed","ping_status":"closed","template":"","meta":{"footnotes":""},"class_list":["post-10","page","type-page","status-publish","has-post-thumbnail","hentry"],"_links":{"self":[{"href":"https:\/\/wp.learn2speak.es\/index.php?rest_route=\/wp\/v2\/pages\/10","targetHints":{"allow":["GET"]}}],"collection":[{"href":"https:\/\/wp.learn2speak.es\/index.php?rest_route=\/wp\/v2\/pages"}],"about":[{"href":"https:\/\/wp.learn2speak.es\/index.php?rest_route=\/wp\/v2\/types\/page"}],"author":[{"embeddable":true,"href":"https:\/\/wp.learn2speak.es\/index.php?rest_route=\/wp\/v2\/users\/1"}],"replies":[{"embeddable":true,"href":"https:\/\/wp.learn2speak.es\/index.php?rest_route=%2Fwp%2Fv2%2Fcomments&post=10"}],"version-history":[{"count":21,"href":"https:\/\/wp.learn2speak.es\/index.php?rest_route=\/wp\/v2\/pages\/10\/revisions"}],"predecessor-version":[{"id":766,"href":"https:\/\/wp.learn2speak.es\/index.php?rest_route=\/wp\/v2\/pages\/10\/revisions\/766"}],"wp:featuredmedia":[{"embeddable":true,"href":"https:\/\/wp.learn2speak.es\/index.php?rest_route=\/wp\/v2\/media\/5"}],"wp:attachment":[{"href":"https:\/\/wp.learn2speak.es\/index.php?rest_route=%2Fwp%2Fv2%2Fmedia&parent=10"}],"curies":[{"name":"wp","href":"https:\/\/api.w.org\/{rel}","templated":true}]}}