{"id":446,"date":"2020-08-31T21:29:54","date_gmt":"2020-08-31T19:29:54","guid":{"rendered":"https:\/\/wp.learn2speak.es\/?page_id=446"},"modified":"2020-08-31T21:29:56","modified_gmt":"2020-08-31T19:29:56","slug":"servicio-de-traduccion","status":"publish","type":"page","link":"https:\/\/wp.learn2speak.es\/?page_id=446","title":{"rendered":"Servicio de Traducci\u00f3n"},"content":{"rendered":"\n<div class=\"wp-block-image\"><figure class=\"aligncenter size-large is-resized\"><img loading=\"lazy\" decoding=\"async\" src=\"https:\/\/wp.learn2speak.es\/wp-content\/uploads\/2020\/08\/imagestrans.jpeg\" alt=\"\" class=\"wp-image-447\" width=\"285\" height=\"190\"\/><\/figure><\/div>\n\n\n\n<p>Traducimos tus documentos, ofreciendo un servicio profesional, r\u00e1pido, eficiente y completamente online. Sin necesidad de desplazamientos.<\/p>\n\n\n\n<p> <\/p>\n\n\n\n<ul class=\"wp-block-list\"><li>Espa\u00f1ol-Ingl\u00e9s<\/li><li>Ingl\u00e9s-Espa\u00f1ol<\/li><li>Alem\u00e1n-Ingl\u00e9s<\/li><li>Alem\u00e1n-Espa\u00f1ol<\/li><\/ul>\n\n\n\n<p><em>No traducciones juradas<\/em><\/p>\n\n\n\n<p>Ll\u00e1manos\/Whatsapp 664229808  o info@learn2speak.es para pedir presupuesto<\/p>\n","protected":false},"excerpt":{"rendered":"<p>Traducimos tus documentos, ofreciendo un servicio profesional, r\u00e1pido, eficiente y completamente online. Sin necesidad de desplazamientos. Espa\u00f1ol-Ingl\u00e9s Ingl\u00e9s-Espa\u00f1ol Alem\u00e1n-Ingl\u00e9s Alem\u00e1n-Espa\u00f1ol No traducciones juradas Ll\u00e1manos\/Whatsapp 664229808 o info@learn2speak.es para pedir presupuesto<\/p>\n","protected":false},"author":2,"featured_media":0,"parent":0,"menu_order":0,"comment_status":"closed","ping_status":"closed","template":"","meta":{"footnotes":""},"class_list":["post-446","page","type-page","status-publish","hentry"],"_links":{"self":[{"href":"https:\/\/wp.learn2speak.es\/index.php?rest_route=\/wp\/v2\/pages\/446","targetHints":{"allow":["GET"]}}],"collection":[{"href":"https:\/\/wp.learn2speak.es\/index.php?rest_route=\/wp\/v2\/pages"}],"about":[{"href":"https:\/\/wp.learn2speak.es\/index.php?rest_route=\/wp\/v2\/types\/page"}],"author":[{"embeddable":true,"href":"https:\/\/wp.learn2speak.es\/index.php?rest_route=\/wp\/v2\/users\/2"}],"replies":[{"embeddable":true,"href":"https:\/\/wp.learn2speak.es\/index.php?rest_route=%2Fwp%2Fv2%2Fcomments&post=446"}],"version-history":[{"count":2,"href":"https:\/\/wp.learn2speak.es\/index.php?rest_route=\/wp\/v2\/pages\/446\/revisions"}],"predecessor-version":[{"id":449,"href":"https:\/\/wp.learn2speak.es\/index.php?rest_route=\/wp\/v2\/pages\/446\/revisions\/449"}],"wp:attachment":[{"href":"https:\/\/wp.learn2speak.es\/index.php?rest_route=%2Fwp%2Fv2%2Fmedia&parent=446"}],"curies":[{"name":"wp","href":"https:\/\/api.w.org\/{rel}","templated":true}]}}