{"id":9,"date":"2019-05-31T21:11:28","date_gmt":"2019-05-31T19:11:28","guid":{"rendered":"https:\/\/wp.learn2speak.es\/?page_id=9"},"modified":"2019-06-18T10:37:15","modified_gmt":"2019-06-18T08:37:15","slug":"acerca-de","status":"publish","type":"page","link":"https:\/\/wp.learn2speak.es\/?page_id=9","title":{"rendered":"Acerca de"},"content":{"rendered":"<p>Estamos en Laracha desde el a\u00f1o 2011, este proyecto comenz\u00f3 con la idea de una docente nativa con m\u00e1s de 20 a\u00f1os de experiencia en la ense\u00f1anza de ingl\u00e9s como lengua extranjera. Un equipo de profesores dedicados a mejorar tu nivel de ingl\u00e9s, tanto hablado como en el campo de la gram\u00e1tica, escrito y en la comprensi\u00f3n general del idioma.<\/p>\n<p>El resultado;\u00a0nuestro centro est\u00e1 reconocido como Centro Preparador de Ex\u00e1menes de Cambridge desde el a\u00f1o 2013, con mas de 200 alumnos presentados a examen, desde los YLE al C2 con una tasa de aprobados del 98%.<\/p>\n<p>Estamos asentados en un Concello, A Laracha. Entre A Coru\u00f1a y Carballo. Un Concello con grandes perspectivas que poco a poco va asentando sus relaciones internacionales, con actuaciones laborales y docentes.<\/p>\n<p>Os invitamos a que veng\u00e1is a conocernos.<\/p>\n\n\n<figure class=\"wp-block-image\"><img loading=\"lazy\" decoding=\"async\" width=\"960\" height=\"720\" src=\"https:\/\/wp.learn2speak.es\/wp-content\/uploads\/2019\/06\/0041.jpg\" alt=\"\" class=\"wp-image-62\" srcset=\"https:\/\/wp.learn2speak.es\/wp-content\/uploads\/2019\/06\/0041.jpg 960w, https:\/\/wp.learn2speak.es\/wp-content\/uploads\/2019\/06\/0041-300x225.jpg 300w, https:\/\/wp.learn2speak.es\/wp-content\/uploads\/2019\/06\/0041-768x576.jpg 768w\" sizes=\"auto, (max-width: 960px) 100vw, 960px\" \/><figcaption>All\u00e1 por las navidades del 2011&#8230;&#8230;<\/figcaption><\/figure>\n","protected":false},"excerpt":{"rendered":"<p>Estamos en Laracha desde el a\u00f1o 2011, este proyecto comenz\u00f3 con la idea de una docente nativa con m\u00e1s de 20 a\u00f1os de experiencia en la ense\u00f1anza de ingl\u00e9s como lengua extranjera. Un equipo de profesores dedicados a mejorar tu nivel de ingl\u00e9s, tanto hablado como en el campo de la gram\u00e1tica, escrito y en [&hellip;]<\/p>\n","protected":false},"author":1,"featured_media":6,"parent":0,"menu_order":0,"comment_status":"closed","ping_status":"closed","template":"","meta":{"footnotes":""},"class_list":["post-9","page","type-page","status-publish","has-post-thumbnail","hentry"],"_links":{"self":[{"href":"https:\/\/wp.learn2speak.es\/index.php?rest_route=\/wp\/v2\/pages\/9","targetHints":{"allow":["GET"]}}],"collection":[{"href":"https:\/\/wp.learn2speak.es\/index.php?rest_route=\/wp\/v2\/pages"}],"about":[{"href":"https:\/\/wp.learn2speak.es\/index.php?rest_route=\/wp\/v2\/types\/page"}],"author":[{"embeddable":true,"href":"https:\/\/wp.learn2speak.es\/index.php?rest_route=\/wp\/v2\/users\/1"}],"replies":[{"embeddable":true,"href":"https:\/\/wp.learn2speak.es\/index.php?rest_route=%2Fwp%2Fv2%2Fcomments&post=9"}],"version-history":[{"count":5,"href":"https:\/\/wp.learn2speak.es\/index.php?rest_route=\/wp\/v2\/pages\/9\/revisions"}],"predecessor-version":[{"id":64,"href":"https:\/\/wp.learn2speak.es\/index.php?rest_route=\/wp\/v2\/pages\/9\/revisions\/64"}],"wp:featuredmedia":[{"embeddable":true,"href":"https:\/\/wp.learn2speak.es\/index.php?rest_route=\/wp\/v2\/media\/6"}],"wp:attachment":[{"href":"https:\/\/wp.learn2speak.es\/index.php?rest_route=%2Fwp%2Fv2%2Fmedia&parent=9"}],"curies":[{"name":"wp","href":"https:\/\/api.w.org\/{rel}","templated":true}]}}